{"id":1911,"date":"2021-12-14T19:19:48","date_gmt":"2021-12-14T19:19:48","guid":{"rendered":"https:\/\/erru.al\/?page_id=1911"},"modified":"2025-09-24T08:43:53","modified_gmt":"2025-09-24T08:43:53","slug":"bashkepunetoret","status":"publish","type":"page","link":"https:\/\/erru.al\/an\/bashkepunetoret\/","title":{"rendered":"Associates"},"content":{"rendered":"<div data-elementor-type=\"wp-page\" data-elementor-id=\"1911\" class=\"elementor elementor-1911\">\n\t\t\t\t\t\t<section class=\"elementor-section elementor-top-section elementor-element elementor-element-e3f6167 elementor-section-boxed elementor-section-height-default elementor-section-height-default\" data-id=\"e3f6167\" data-element_type=\"section\">\n\t\t\t\t\t\t<div class=\"elementor-container elementor-column-gap-default\">\n\t\t\t\t\t<div class=\"elementor-column elementor-col-50 elementor-top-column elementor-element elementor-element-634b3a0 ot-flex-column-vertical\" data-id=\"634b3a0\" data-element_type=\"column\">\n\t\t\t<div class=\"elementor-widget-wrap elementor-element-populated\">\n\t\t\t\t\t\t<div class=\"elementor-element elementor-element-b1019f5 elementor-widget elementor-widget-text-editor\" data-id=\"b1019f5\" data-element_type=\"widget\" data-widget_type=\"text-editor.default\">\n\t\t\t\t<div class=\"elementor-widget-container\">\n\t\t\t\t\t\t\t\t\t<h5><span style=\"color: var( --e-global-color-text ); font-family: 'Open Sans', sans-serif; font-weight: var( --e-global-typography-text-font-weight ); font-size: 16px;\">\u00a0<\/span><\/h5><h5><span style=\"color: var( --e-global-color-text ); font-family: 'Open Sans', sans-serif; font-weight: var( --e-global-typography-text-font-weight ); font-size: 16px;\">With several years of work and experience in the water supply and sewerage sector in Albania, the Water Regulatory Authority has a successful cooperation with a large number of national and international partners. Close cooperation and exchange continues with a number of institutions and actors both within the sector and in other areas related to water-sewage services:<\/span><\/h5>\t\t\t\t\t\t\t\t<\/div>\n\t\t\t\t<\/div>\n\t\t\t\t\t<\/div>\n\t\t<\/div>\n\t\t\t\t<div class=\"elementor-column elementor-col-50 elementor-top-column elementor-element elementor-element-7ba08bf ot-flex-column-vertical\" data-id=\"7ba08bf\" data-element_type=\"column\">\n\t\t\t<div class=\"elementor-widget-wrap elementor-element-populated\">\n\t\t\t\t\t\t<div class=\"elementor-element elementor-element-aee675c elementor-widget elementor-widget-image\" data-id=\"aee675c\" data-element_type=\"widget\" data-widget_type=\"image.default\">\n\t\t\t\t<div class=\"elementor-widget-container\">\n\t\t\t\t\t\t\t\t\t\t\t\t\t\t\t<img fetchpriority=\"high\" decoding=\"async\" width=\"300\" height=\"210\" src=\"https:\/\/erru.al\/wp-content\/uploads\/2021\/12\/handshake-300x210.png\" class=\"attachment-medium size-medium wp-image-1917\" alt=\"\" srcset=\"https:\/\/erru.al\/wp-content\/uploads\/2021\/12\/handshake-300x210.png 300w, https:\/\/erru.al\/wp-content\/uploads\/2021\/12\/handshake-768x538.png 768w, https:\/\/erru.al\/wp-content\/uploads\/2021\/12\/handshake.png 860w\" sizes=\"(max-width: 300px) 100vw, 300px\" \/>\t\t\t\t\t\t\t\t\t\t\t\t\t\t\t<\/div>\n\t\t\t\t<\/div>\n\t\t\t\t\t<\/div>\n\t\t<\/div>\n\t\t\t\t\t<\/div>\n\t\t<\/section>\n\t\t\t\t<section class=\"elementor-section elementor-top-section elementor-element elementor-element-eb21eec elementor-section-boxed elementor-section-height-default elementor-section-height-default\" data-id=\"eb21eec\" data-element_type=\"section\">\n\t\t\t\t\t\t<div class=\"elementor-container elementor-column-gap-default\">\n\t\t\t\t\t<div class=\"elementor-column elementor-col-100 elementor-top-column elementor-element elementor-element-c4bc6a9 ot-flex-column-vertical\" data-id=\"c4bc6a9\" data-element_type=\"column\">\n\t\t\t<div class=\"elementor-widget-wrap elementor-element-populated\">\n\t\t\t\t\t\t<div class=\"elementor-element elementor-element-3c53542 elementor-widget elementor-widget-spacer\" data-id=\"3c53542\" data-element_type=\"widget\" data-widget_type=\"spacer.default\">\n\t\t\t\t<div class=\"elementor-widget-container\">\n\t\t\t\t\t\t\t<div class=\"elementor-spacer\">\n\t\t\t<div class=\"elementor-spacer-inner\"><\/div>\n\t\t<\/div>\n\t\t\t\t\t\t<\/div>\n\t\t\t\t<\/div>\n\t\t\t\t\t<\/div>\n\t\t<\/div>\n\t\t\t\t\t<\/div>\n\t\t<\/section>\n\t\t\t\t<section class=\"elementor-section elementor-top-section elementor-element elementor-element-22c4b49 elementor-section-boxed elementor-section-height-default elementor-section-height-default\" data-id=\"22c4b49\" data-element_type=\"section\">\n\t\t\t\t\t\t<div class=\"elementor-container elementor-column-gap-default\">\n\t\t\t\t\t<div class=\"elementor-column elementor-col-100 elementor-top-column elementor-element elementor-element-205d33d ot-flex-column-vertical\" data-id=\"205d33d\" data-element_type=\"column\">\n\t\t\t<div class=\"elementor-widget-wrap elementor-element-populated\">\n\t\t\t\t\t\t<div class=\"elementor-element elementor-element-e73801c elementor-widget elementor-widget-text-editor\" data-id=\"e73801c\" data-element_type=\"widget\" data-widget_type=\"text-editor.default\">\n\t\t\t\t<div class=\"elementor-widget-container\">\n\t\t\t\t\t\t\t\t\t<h5><strong>National Associates\u00a0<\/strong><\/h5><ul><li><a href=\"http:\/\/www.energjia.gov.al\/\">Ministry of Infrastructure and Energy<\/a> (MIE)<ul><li><a href=\"https:\/\/www.akum.gov.al\/\">National Water Supply and Sewerage Agency<\/a> (AKUK)<\/li><li><a href=\"http:\/\/www.dpuk.gov.al\/rub.php?idr=345&amp;lang=1\">Monitoring Unit<\/a> (Benchmarking)<a href=\"http:\/\/www.dpuk.gov.al\/rub.php?idr=345&amp;lang=1\"><br \/><\/a><\/li><\/ul><\/li><li><a href=\"https:\/\/turizmi.gov.al\/\">Ministry of Tourism and Environment<\/a><\/li><li><a href=\"https:\/\/meki.gov.al\/\">Ministry of Finance and Economy<\/a><a title=\"\" href=\"http:\/\/www.mete.gov.al\/index.php?\" target=\"_blank\" rel=\"noopener\"><br \/><\/a><ul><li><a href=\"https:\/\/mbrojtjakonsumatorit.tirana.al\/\">Consumer Protection Commission<\/a><\/li><\/ul><\/li><li><a href=\"https:\/\/shendetesia.gov.al\/\">Ministry of Health and Social Protection<\/a> (MSHMS)<\/li><li><a href=\"http:\/\/www.ishp.gov.al\/\">Public Health Institution<\/a> (ISHP)<a title=\"\" href=\"http:\/\/www.bujqesia.gov.al\/\" target=\"_blank\" rel=\"noopener\">Ministry of Agriculture and Rural Development<\/a> (MBZHR)<\/li><li><a title=\"\" href=\"http:\/\/www.caa.gov.al\/\" target=\"_blank\" rel=\"noopener\">Competition Authority<\/a><\/li><li><a href=\"http:\/\/www.uet.edu.al\/\">European university of tirana<\/a><\/li><li><a href=\"https:\/\/crm.shukalb.al\/\">Water and Sewerage Association of Albania (SHUKALB)<\/a><\/li><\/ul>\t\t\t\t\t\t\t\t<\/div>\n\t\t\t\t<\/div>\n\t\t\t\t\t<\/div>\n\t\t<\/div>\n\t\t\t\t\t<\/div>\n\t\t<\/section>\n\t\t\t\t<section class=\"elementor-section elementor-top-section elementor-element elementor-element-ae0b748 elementor-section-boxed elementor-section-height-default elementor-section-height-default\" data-id=\"ae0b748\" data-element_type=\"section\">\n\t\t\t\t\t\t<div class=\"elementor-container elementor-column-gap-default\">\n\t\t\t\t\t<div class=\"elementor-column elementor-col-100 elementor-top-column elementor-element elementor-element-e475e8e ot-flex-column-vertical\" data-id=\"e475e8e\" data-element_type=\"column\">\n\t\t\t<div class=\"elementor-widget-wrap elementor-element-populated\">\n\t\t\t\t\t\t<div class=\"elementor-element elementor-element-58d30e2 elementor-widget elementor-widget-text-editor\" data-id=\"58d30e2\" data-element_type=\"widget\" data-widget_type=\"text-editor.default\">\n\t\t\t\t<div class=\"elementor-widget-container\">\n\t\t\t\t\t\t\t\t\t<h5><strong>International Collaborators\u00a0<\/strong><\/h5><ul><li><a title=\"\" href=\"http:\/\/www.ersar.pt\/website_en\/\" target=\"_blank\" rel=\"noopener\">Regulatory Authority of Portugal<\/a> (Entidade Reguladora dos Servi\u00e7os de \u00c1guas e Res\u00edduos), Portugali<\/li><li><a href=\"http:\/\/www.regula.lt\/en\/about-us\/\" target=\"_blank\" rel=\"noopener\">National Price and Energy Commission<\/a> (Valstybin\u0117 Kain\u0173 ir Energetikos Kontrol\u0117s Komisija), Lituani<\/li><li><a href=\"http:\/\/www.dker.bg\/otrasylen.php?OID=77\" target=\"_blank\" rel=\"noopener\">State Water and Energy Regulatory Commission<\/a> (\u0414\u042a\u0420\u0416\u0410\u0412\u041d\u0410 \u041a\u041e\u041c\u0418\u0421\u0418\u042f \u0417\u0410 \u0415\u041d\u0415\u0420\u0413\u0418\u0419\u041d\u041e \u0418 \u0412\u041e\u0414\u041d\u041e \u0420\u0415\u0413\u0423\u041b\u0418\u0420\u0410\u041d\u0415), Bullgari<\/li><li><a href=\"http:\/\/www.watercommission.co.uk\/view_Home.aspx\">Scottish Water Industry Commission<\/a> (Water Industry Commission for Scotland)<\/li><li><a href=\"https:\/\/www.autorita.energia.it\/it\/inglese\/index.htm\">Regulatory Authority for Energy, Gas and Water<\/a> (Autorit\u00e0 per l&#8217;energia elettrica il gas ed il sistema idrico) Itali<\/li><li><a style=\"font-weight: var( --e-global-typography-text-font-weight ); background-color: #ffffff;\" href=\"http:\/\/www.mekh.hu\/home\">Hungarian Authority for Energy and Water Services<\/a><span style=\"font-weight: var( --e-global-typography-text-font-weight );\">\u00a0<\/span><span style=\"font-weight: var( --e-global-typography-text-font-weight );\">(Magyar Energetikai \u00e9s K\u00f6zm\u0171-szab\u00e1lyoz\u00e1si Hivatal), Hungari\u00a0\u00a0<\/span><\/li><li><a href=\"https:\/\/www.raaey.gr\/energeia\/\">Autoriteti Rregullator Grek p\u00ebr Energjin\u00eb, Mbetjet dhe Ujin<\/a> (RAAEY)<\/li><\/ul>\t\t\t\t\t\t\t\t<\/div>\n\t\t\t\t<\/div>\n\t\t\t\t\t<\/div>\n\t\t<\/div>\n\t\t\t\t\t<\/div>\n\t\t<\/section>\n\t\t\t\t<section class=\"elementor-section elementor-top-section elementor-element elementor-element-1a12c3b elementor-section-boxed elementor-section-height-default elementor-section-height-default\" data-id=\"1a12c3b\" data-element_type=\"section\">\n\t\t\t\t\t\t<div class=\"elementor-container elementor-column-gap-default\">\n\t\t\t\t\t<div class=\"elementor-column elementor-col-100 elementor-top-column elementor-element elementor-element-d291106 ot-flex-column-vertical\" data-id=\"d291106\" data-element_type=\"column\">\n\t\t\t<div class=\"elementor-widget-wrap elementor-element-populated\">\n\t\t\t\t\t\t<div class=\"elementor-element elementor-element-7156a57 elementor-widget elementor-widget-text-editor\" data-id=\"7156a57\" data-element_type=\"widget\" data-widget_type=\"text-editor.default\">\n\t\t\t\t<div class=\"elementor-widget-container\">\n\t\t\t\t\t\t\t\t\t<h5><strong>Regional Associates<\/strong><strong>\u00eb<\/strong><\/h5><ul><li><a href=\"http:\/\/www.arru-rks.org\/\">Water Services Regulatory Authority<\/a> (ARRU), Republika e Kosov\u00ebs<\/li><li><a href=\"http:\/\/shukos.org\/\">Shoqata e Uj\u00ebsjell\u00ebsve dhe Kanalizimit t\u00eb Kosov\u00ebs<\/a> (SHUKOS), Kosov\u00eb<\/li><li><p><a href=\"https:\/\/www.erc.org.mk\/Default_al.aspx\">Komisioni Rregullator p\u00ebr Energjetik\u00eb dhe Sh\u00ebrbime t\u00eb Ujit i Republik\u00ebs s\u00eb Maqedonis\u00eb s\u00eb Veriu<\/a> (PKE), Republika e Maqedonis\u00eb s\u00eb Veriut<\/p><\/li><li><p><a href=\"https:\/\/regagen.co.me\/en\/pocetna-english\/\">Agency for Energy and Water in Montenegro<\/a> (REGAGEN), Mali i Zi<\/p><\/li><\/ul>\t\t\t\t\t\t\t\t<\/div>\n\t\t\t\t<\/div>\n\t\t\t\t\t<\/div>\n\t\t<\/div>\n\t\t\t\t\t<\/div>\n\t\t<\/section>\n\t\t\t\t<section class=\"elementor-section elementor-top-section elementor-element elementor-element-8b3bae4 elementor-section-boxed elementor-section-height-default elementor-section-height-default\" data-id=\"8b3bae4\" data-element_type=\"section\">\n\t\t\t\t\t\t<div class=\"elementor-container elementor-column-gap-default\">\n\t\t\t\t\t<div class=\"elementor-column elementor-col-100 elementor-top-column elementor-element elementor-element-5929b12 ot-flex-column-vertical\" data-id=\"5929b12\" data-element_type=\"column\">\n\t\t\t<div class=\"elementor-widget-wrap elementor-element-populated\">\n\t\t\t\t\t\t<div class=\"elementor-element elementor-element-d00d460 elementor-widget elementor-widget-text-editor\" data-id=\"d00d460\" data-element_type=\"widget\" data-widget_type=\"text-editor.default\">\n\t\t\t\t<div class=\"elementor-widget-container\">\n\t\t\t\t\t\t\t\t\t<h5><strong>Support from foreign donors<\/strong><\/h5><p class=\"translation-block\">Deutsche Gesellschaft f\u00fcr Internationale Zusammenarbeit (GIZ) GmbH. Program for Reform in the Water Sector in Albania; Strengthening the Regulator in the Water Sector (support for capacity development 2009-2015)<\/p><ul><li class=\"translation-block\">United Nations Development Program (UNDP). United Nations Joint Program on Economic Governance, Regulatory Reform and Pro-Poor Development (support for client protection activities)<\/li><li><a href=\"http:\/\/www.usaid.gov\/albania\">USAID<\/a><\/li><li><a href=\"http:\/\/www.worldbank.org\/en\/country\/albania\">World Bank<\/a><\/li><li><a href=\"http:\/\/www.oecd.org\/countries\/albania\/\">OECD<\/a><\/li><li><a href=\"http:\/\/www.naruc.org\/\">NARUC<\/a><\/li><li><a href=\"http:\/\/www.danube-water-program.org\/\">Danube Water Programme<\/a><\/li><\/ul>\t\t\t\t\t\t\t\t<\/div>\n\t\t\t\t<\/div>\n\t\t\t\t\t<\/div>\n\t\t<\/div>\n\t\t\t\t\t<\/div>\n\t\t<\/section>\n\t\t\t\t<section class=\"elementor-section elementor-top-section elementor-element elementor-element-2529f68 elementor-section-boxed elementor-section-height-default elementor-section-height-default\" data-id=\"2529f68\" data-element_type=\"section\">\n\t\t\t\t\t\t<div class=\"elementor-container elementor-column-gap-default\">\n\t\t\t\t\t<div class=\"elementor-column elementor-col-100 elementor-top-column elementor-element elementor-element-20a1fc3 ot-flex-column-vertical\" data-id=\"20a1fc3\" data-element_type=\"column\">\n\t\t\t<div class=\"elementor-widget-wrap elementor-element-populated\">\n\t\t\t\t\t\t<div class=\"elementor-element elementor-element-8a944b1 elementor-widget elementor-widget-text-editor\" data-id=\"8a944b1\" data-element_type=\"widget\" data-widget_type=\"text-editor.default\">\n\t\t\t\t<div class=\"elementor-widget-container\">\n\t\t\t\t\t\t\t\t\t<h5><strong>Memberships<\/strong><\/h5><ul><li class=\"translation-block\">Since 2009, we are members of the International Water Association (IWA).<\/li><li class=\"translation-block\">Since 2014, we are members of the European Network of Water Regulators (WAREG)<\/li><\/ul>\t\t\t\t\t\t\t\t<\/div>\n\t\t\t\t<\/div>\n\t\t\t\t\t<\/div>\n\t\t<\/div>\n\t\t\t\t\t<\/div>\n\t\t<\/section>\n\t\t\t\t<\/div>","protected":false},"excerpt":{"rendered":"<p>\u00a0 Me nj\u00eb pun\u00eb dhe eksperienc\u00eb disa vje\u00e7are n\u00eb sektorin uj\u00ebsjell\u00ebs-kanalizime n\u00eb Shqip\u00ebri Enti Rregullator i Ujit ka nj\u00eb bashk\u00ebpunim t\u00eb suksessh\u00ebm me nj\u00eb num\u00ebr t\u00eb madh partner\u00ebsh komb\u00ebtar\u00eb dhe nd\u00ebrkomb\u00ebtar\u00eb. Bashk\u00ebpunimi i ngusht\u00eb dhe shk\u00ebmbimi vazhdon me nj\u00eb s\u00ebr\u00eb institucionesh dhe aktor\u00ebsh si brenda sektorit ashtu edhe n\u00eb fusha t\u00eb tjera t\u00eb q\u00eb lidhen [&hellip;]<\/p>\n","protected":false},"author":1,"featured_media":0,"parent":0,"menu_order":0,"comment_status":"closed","ping_status":"closed","template":"","meta":{"footnotes":""},"class_list":["post-1911","page","type-page","status-publish","hentry"],"_links":{"self":[{"href":"https:\/\/erru.al\/an\/wp-json\/wp\/v2\/pages\/1911","targetHints":{"allow":["GET"]}}],"collection":[{"href":"https:\/\/erru.al\/an\/wp-json\/wp\/v2\/pages"}],"about":[{"href":"https:\/\/erru.al\/an\/wp-json\/wp\/v2\/types\/page"}],"author":[{"embeddable":true,"href":"https:\/\/erru.al\/an\/wp-json\/wp\/v2\/users\/1"}],"replies":[{"embeddable":true,"href":"https:\/\/erru.al\/an\/wp-json\/wp\/v2\/comments?post=1911"}],"version-history":[{"count":67,"href":"https:\/\/erru.al\/an\/wp-json\/wp\/v2\/pages\/1911\/revisions"}],"predecessor-version":[{"id":7401,"href":"https:\/\/erru.al\/an\/wp-json\/wp\/v2\/pages\/1911\/revisions\/7401"}],"wp:attachment":[{"href":"https:\/\/erru.al\/an\/wp-json\/wp\/v2\/media?parent=1911"}],"curies":[{"name":"wp","href":"https:\/\/api.w.org\/{rel}","templated":true}]}}