{"id":1848,"date":"2021-12-14T18:05:01","date_gmt":"2021-12-14T18:05:01","guid":{"rendered":"https:\/\/erru.al\/?page_id=1848"},"modified":"2022-12-16T15:16:04","modified_gmt":"2022-12-16T15:16:04","slug":"cfare-bejme-ne","status":"publish","type":"page","link":"https:\/\/erru.al\/an\/cfare-bejme-ne\/","title":{"rendered":"What we do"},"content":{"rendered":"<div data-elementor-type=\"wp-page\" data-elementor-id=\"1848\" class=\"elementor elementor-1848\">\n\t\t\t\t\t\t<section class=\"elementor-section elementor-top-section elementor-element elementor-element-777ed3d elementor-section-boxed elementor-section-height-default elementor-section-height-default\" data-id=\"777ed3d\" data-element_type=\"section\">\n\t\t\t\t\t\t<div class=\"elementor-container elementor-column-gap-default\">\n\t\t\t\t\t<div class=\"elementor-column elementor-col-100 elementor-top-column elementor-element elementor-element-94f34c0 ot-flex-column-vertical\" data-id=\"94f34c0\" data-element_type=\"column\">\n\t\t\t<div class=\"elementor-widget-wrap elementor-element-populated\">\n\t\t\t\t\t\t<div class=\"elementor-element elementor-element-bf387be elementor-widget elementor-widget-text-editor\" data-id=\"bf387be\" data-element_type=\"widget\" data-widget_type=\"text-editor.default\">\n\t\t\t\t<div class=\"elementor-widget-container\">\n\t\t\t\t\t\t\t\t\t<p>ERRU is an independent public institution that regulates the water supply and sewerage sector in Albania, created by law 8102 dt. 28.03.1996, amended, to ensure the guarantee and protection of public interests and to create a transparent regulatory environment.<\/p>\t\t\t\t\t\t\t\t<\/div>\n\t\t\t\t<\/div>\n\t\t\t\t<div class=\"elementor-element elementor-element-4f229d0 elementor-widget elementor-widget-text-editor\" data-id=\"4f229d0\" data-element_type=\"widget\" data-widget_type=\"text-editor.default\">\n\t\t\t\t<div class=\"elementor-widget-container\">\n\t\t\t\t\t\t\t\t\t<p>We exercise the following functions and powers:<\/p>\n<ol>\n<li>We license natural or legal persons that provide water supply and sewerage services for public benefit;<\/li>\n<li>We ensure that the operators provide you with good quality and efficient services at a reasonable price;<\/li>\n<li>We determine the service fees, in order to ensure the financial stability of the operators as well as their affordability by customers;<\/li>\n<li>We monitor the performance of operators by ensuring the implementation of measures to protect the interests of consumers and promoting the continuous progress of the service, through the establishment of efficient and challenging objectives;<\/li>\n<li>We ensure that operators do the best for customers and the environment in the long term;<\/li>\n<li>We analyze consumer complaints and support them in resolving them between consumers and operators;<\/li>\n<li>We contribute with our comments in all important processes in the sector, such as in the drafting of strategies, policies and national legislation for the water and sewerage sector;<\/li>\n<li>We regularly compile and make available information on the water and sewerage sector for all actors in the sector and the general public, e.g. through Annual and Performance reports.<\/li>\n<\/ol>\t\t\t\t\t\t\t\t<\/div>\n\t\t\t\t<\/div>\n\t\t\t\t\t<\/div>\n\t\t<\/div>\n\t\t\t\t\t<\/div>\n\t\t<\/section>\n\t\t\t\t<section class=\"elementor-section elementor-top-section elementor-element elementor-element-a93b6dd elementor-section-boxed elementor-section-height-default elementor-section-height-default\" data-id=\"a93b6dd\" data-element_type=\"section\">\n\t\t\t\t\t\t<div class=\"elementor-container elementor-column-gap-default\">\n\t\t\t\t\t<div class=\"elementor-column elementor-col-100 elementor-top-column elementor-element elementor-element-0427c32 ot-flex-column-vertical\" data-id=\"0427c32\" data-element_type=\"column\">\n\t\t\t<div class=\"elementor-widget-wrap elementor-element-populated\">\n\t\t\t\t\t\t<div class=\"elementor-element elementor-element-e95c883 elementor-widget elementor-widget-text-editor\" data-id=\"e95c883\" data-element_type=\"widget\" data-widget_type=\"text-editor.default\">\n\t\t\t\t<div class=\"elementor-widget-container\">\n\t\t\t\t\t\t\t\t\t<p class=\"translation-block\">For further information on our legal mandate please refer to law no. 8102 dated 28.03.1996 \"On the regulatory framework of the sector of water supply and waste water treatment\", as amended.<\/p>\t\t\t\t\t\t\t\t<\/div>\n\t\t\t\t<\/div>\n\t\t\t\t<div class=\"elementor-element elementor-element-d4a9fc2 elementor-widget elementor-widget-spacer\" data-id=\"d4a9fc2\" data-element_type=\"widget\" data-widget_type=\"spacer.default\">\n\t\t\t\t<div class=\"elementor-widget-container\">\n\t\t\t\t\t\t\t<div class=\"elementor-spacer\">\n\t\t\t<div class=\"elementor-spacer-inner\"><\/div>\n\t\t<\/div>\n\t\t\t\t\t\t<\/div>\n\t\t\t\t<\/div>\n\t\t\t\t\t<\/div>\n\t\t<\/div>\n\t\t\t\t\t<\/div>\n\t\t<\/section>\n\t\t\t\t<\/div>","protected":false},"excerpt":{"rendered":"<p>ERRU \u00ebsht\u00eb institucion publik i pavarur q\u00eb b\u00ebn rregullimin e sektorit uj\u00ebsjell\u00ebs kanalizime n\u00eb Shqip\u00ebri, i krijuar me ligjin 8102 dt. 28.03.1996, i ndryshuar, p\u00ebr t\u00eb siguruar garantimin dhe mbrojtjen e interesave publike dhe p\u00ebr t\u00eb krijuar nj\u00eb mjedis rregullator transparent. Ne ushtrojm\u00eb funksionet dhe kompetenca e m\u00ebposhtme: Licensojm\u00eb persona fizik\u00eb apo juridik\u00eb, q\u00eb ofrojn\u00eb [&hellip;]<\/p>\n","protected":false},"author":1,"featured_media":0,"parent":0,"menu_order":0,"comment_status":"closed","ping_status":"closed","template":"","meta":{"footnotes":""},"class_list":["post-1848","page","type-page","status-publish","hentry"],"_links":{"self":[{"href":"https:\/\/erru.al\/an\/wp-json\/wp\/v2\/pages\/1848","targetHints":{"allow":["GET"]}}],"collection":[{"href":"https:\/\/erru.al\/an\/wp-json\/wp\/v2\/pages"}],"about":[{"href":"https:\/\/erru.al\/an\/wp-json\/wp\/v2\/types\/page"}],"author":[{"embeddable":true,"href":"https:\/\/erru.al\/an\/wp-json\/wp\/v2\/users\/1"}],"replies":[{"embeddable":true,"href":"https:\/\/erru.al\/an\/wp-json\/wp\/v2\/comments?post=1848"}],"version-history":[{"count":21,"href":"https:\/\/erru.al\/an\/wp-json\/wp\/v2\/pages\/1848\/revisions"}],"predecessor-version":[{"id":3011,"href":"https:\/\/erru.al\/an\/wp-json\/wp\/v2\/pages\/1848\/revisions\/3011"}],"wp:attachment":[{"href":"https:\/\/erru.al\/an\/wp-json\/wp\/v2\/media?parent=1848"}],"curies":[{"name":"wp","href":"https:\/\/api.w.org\/{rel}","templated":true}]}}